{"id":167,"date":"2009-04-13T12:48:16","date_gmt":"2009-04-13T11:48:16","guid":{"rendered":"http:\/\/www.bauernhof-zanger.de\/?page_id=167"},"modified":"2021-11-26T13:59:23","modified_gmt":"2021-11-26T12:59:23","slug":"das-kerkerbachtal","status":"publish","type":"page","link":"https:\/\/www.bauernhof-zanger.de\/?page_id=167","title":{"rendered":"&#8211; Das Kerkerbachtal"},"content":{"rendered":"<p style=\"text-align: center;\"><strong>Gr\u00fcne Wiesen, saftige Gr\u00e4ser und gehaltvolle Kr\u00e4uter sowie gutes Acker- und Weideland schm\u00fccken unser einzigartiges Kerkerbachtal&#8230;<\/strong><\/p>\n<p style=\"text-align: center;\"><strong><a href=\"http:\/\/www.bauernhof-zanger.de\/wp-content\/uploads\/2009\/04\/100_03821.jpg\"><img loading=\"lazy\" decoding=\"async\" class=\"aligncenter size-medium wp-image-185\" title=\"100_03821\" src=\"http:\/\/www.bauernhof-zanger.de\/wp-content\/uploads\/2009\/04\/100_03821-300x192.jpg\" alt=\"100_03821\" width=\"300\" height=\"192\" srcset=\"https:\/\/www.bauernhof-zanger.de\/wp-content\/uploads\/2009\/04\/100_03821-300x192.jpg 300w, https:\/\/www.bauernhof-zanger.de\/wp-content\/uploads\/2009\/04\/100_03821-1024x657.jpg 1024w\" sizes=\"(max-width: 300px) 100vw, 300px\" \/> <\/a><br \/>\n<\/strong><\/p>\n<p style=\"text-align: center;\"><strong>&#8230;gerade jetzt im Fr\u00fchjahr, wo alles beginnt zu bl\u00fchen und die Natur sich von ihrer sch\u00f6nsten Seite zeigt&#8230;<\/strong><\/p>\n<p style=\"text-align: center;\"><a href=\"http:\/\/www.bauernhof-zanger.de\/wp-content\/uploads\/2009\/04\/100_03881.jpg\"><img loading=\"lazy\" decoding=\"async\" class=\"aligncenter size-medium wp-image-181\" title=\"100_03881\" src=\"http:\/\/www.bauernhof-zanger.de\/wp-content\/uploads\/2009\/04\/100_03881-300x215.jpg\" alt=\"100_03881\" width=\"300\" height=\"215\" srcset=\"https:\/\/www.bauernhof-zanger.de\/wp-content\/uploads\/2009\/04\/100_03881-300x215.jpg 300w, https:\/\/www.bauernhof-zanger.de\/wp-content\/uploads\/2009\/04\/100_03881-1024x735.jpg 1024w\" sizes=\"(max-width: 300px) 100vw, 300px\" \/> <\/a><\/p>\n<p style=\"text-align: center;\"><strong>&#8230;denn die Natur des Kerkerbachtals, sowie all unsere L\u00e4nderein in dieser Region, stellen den Nahrungsgrundstein f\u00fcr unsere Tierf\u00fctterung dar&#8230;<\/strong><\/p>\n<p style=\"text-align: center;\">\n<p style=\"text-align: center;\"><a href=\"http:\/\/www.bauernhof-zanger.de\/wp-content\/uploads\/2009\/04\/100_0446.jpg\"><img loading=\"lazy\" decoding=\"async\" class=\"aligncenter size-medium wp-image-182\" title=\"100_0446\" src=\"http:\/\/www.bauernhof-zanger.de\/wp-content\/uploads\/2009\/04\/100_0446-300x225.jpg\" alt=\"100_0446\" width=\"300\" height=\"225\" srcset=\"https:\/\/www.bauernhof-zanger.de\/wp-content\/uploads\/2009\/04\/100_0446-300x225.jpg 300w, https:\/\/www.bauernhof-zanger.de\/wp-content\/uploads\/2009\/04\/100_0446-1024x768.jpg 1024w\" sizes=\"(max-width: 300px) 100vw, 300px\" \/> <\/a><\/p>\n<p style=\"text-align: center;\"><strong>&#8230;und genau dieser Grundstein ist ausschlaggebend f\u00fcr die hohe Qualit\u00e4t unserer Produkte. <\/strong><\/p>\n<p style=\"text-align: center;\">***<\/p>\n<p style=\"text-align: center;\"><strong>Die Natur sowie unsere Landwirtschaft ist unser wichtigstes Gut und wir legen es nicht in die H\u00e4nde anderer. Denn der Name Zanger steht f\u00fcr Qualit\u00e4t und Regionalit\u00e4t von der Urproduktion \u00fcber die Lebensmittelverarbeitung bis hin zum fertigen Produkt. <\/strong><\/p>\n<p style=\"text-align: center;\"><strong>Hier kommt alles aus unseren Familienbetrieben. <\/strong><\/p>\n<p style=\"text-align: center;\"><strong>Ihre Familie Zanger<br \/>\n<\/strong><\/p>\n<p style=\"text-align: center;\">\n<p style=\"text-align: center;\">\n","protected":false},"excerpt":{"rendered":"<p>Gr\u00fcne Wiesen, saftige Gr\u00e4ser und gehaltvolle Kr\u00e4uter sowie gutes Acker- und Weideland schm\u00fccken unser einzigartiges Kerkerbachtal&#8230; &#8230;gerade jetzt im Fr\u00fchjahr, wo alles beginnt zu bl\u00fchen und die Natur sich von ihrer sch\u00f6nsten Seite zeigt&#8230; &#8230;denn die Natur des Kerkerbachtals, sowie all unsere L\u00e4nderein in dieser Region, stellen den Nahrungsgrundstein f\u00fcr unsere Tierf\u00fctterung dar&#8230; &#8230;und genau [&hellip;]<\/p>\n","protected":false},"author":2,"featured_media":0,"parent":3,"menu_order":1,"comment_status":"open","ping_status":"open","template":"","meta":{"footnotes":""},"jetpack_sharing_enabled":true,"_links":{"self":[{"href":"https:\/\/www.bauernhof-zanger.de\/index.php?rest_route=\/wp\/v2\/pages\/167"}],"collection":[{"href":"https:\/\/www.bauernhof-zanger.de\/index.php?rest_route=\/wp\/v2\/pages"}],"about":[{"href":"https:\/\/www.bauernhof-zanger.de\/index.php?rest_route=\/wp\/v2\/types\/page"}],"author":[{"embeddable":true,"href":"https:\/\/www.bauernhof-zanger.de\/index.php?rest_route=\/wp\/v2\/users\/2"}],"replies":[{"embeddable":true,"href":"https:\/\/www.bauernhof-zanger.de\/index.php?rest_route=%2Fwp%2Fv2%2Fcomments&post=167"}],"version-history":[{"count":13,"href":"https:\/\/www.bauernhof-zanger.de\/index.php?rest_route=\/wp\/v2\/pages\/167\/revisions"}],"predecessor-version":[{"id":602,"href":"https:\/\/www.bauernhof-zanger.de\/index.php?rest_route=\/wp\/v2\/pages\/167\/revisions\/602"}],"up":[{"embeddable":true,"href":"https:\/\/www.bauernhof-zanger.de\/index.php?rest_route=\/wp\/v2\/pages\/3"}],"wp:attachment":[{"href":"https:\/\/www.bauernhof-zanger.de\/index.php?rest_route=%2Fwp%2Fv2%2Fmedia&parent=167"}],"curies":[{"name":"wp","href":"https:\/\/api.w.org\/{rel}","templated":true}]}}