{"id":258,"date":"2009-04-21T14:42:16","date_gmt":"2009-04-21T13:42:16","guid":{"rendered":"http:\/\/www.bauernhof-zanger.de\/?page_id=258"},"modified":"2021-11-26T15:45:00","modified_gmt":"2021-11-26T14:45:00","slug":"nadines-metzgerei","status":"publish","type":"page","link":"https:\/\/www.bauernhof-zanger.de\/?page_id=258","title":{"rendered":"Nadine&#8217;s Metzgerei"},"content":{"rendered":"<p style=\"text-align: center;\"><strong>Unsere Metzgermeisterin Nadine legt sehr gro\u00dfen Wert auf Genuss, Geschmack und Qualit\u00e4t rund um unsere Fleisch- und Wurstwaren&#8230;<\/strong><\/p>\n<p><a href=\"http:\/\/www.bauernhof-zanger.de\/wp-content\/uploads\/9c29507d-b0d3-4f10-b448-f47a15775423.jpg\"><img loading=\"lazy\" decoding=\"async\" class=\"size-medium wp-image-612 aligncenter\" src=\"http:\/\/www.bauernhof-zanger.de\/wp-content\/uploads\/9c29507d-b0d3-4f10-b448-f47a15775423-200x300.jpg\" alt=\"\" width=\"200\" height=\"300\" srcset=\"https:\/\/www.bauernhof-zanger.de\/wp-content\/uploads\/9c29507d-b0d3-4f10-b448-f47a15775423-200x300.jpg 200w, https:\/\/www.bauernhof-zanger.de\/wp-content\/uploads\/9c29507d-b0d3-4f10-b448-f47a15775423-768x1152.jpg 768w, https:\/\/www.bauernhof-zanger.de\/wp-content\/uploads\/9c29507d-b0d3-4f10-b448-f47a15775423-683x1024.jpg 683w, https:\/\/www.bauernhof-zanger.de\/wp-content\/uploads\/9c29507d-b0d3-4f10-b448-f47a15775423.jpg 1365w\" sizes=\"(max-width: 200px) 100vw, 200px\" \/><\/a><\/p>\n<p style=\"text-align: center;\"><strong>&#8230;die t\u00e4gliche Kontrolle in unseren Stallungen bleibt ihr nicht vorenthalten. Ramonas Blicken entgeht nichts.<\/strong><\/p>\n<p><a href=\"http:\/\/www.bauernhof-zanger.de\/wp-content\/uploads\/tempImageh8Axn9.jpg\"><img loading=\"lazy\" decoding=\"async\" class=\"size-medium wp-image-620 aligncenter\" src=\"http:\/\/www.bauernhof-zanger.de\/wp-content\/uploads\/tempImageh8Axn9-300x225.jpg\" alt=\"\" width=\"300\" height=\"225\" srcset=\"https:\/\/www.bauernhof-zanger.de\/wp-content\/uploads\/tempImageh8Axn9-300x225.jpg 300w, https:\/\/www.bauernhof-zanger.de\/wp-content\/uploads\/tempImageh8Axn9-768x576.jpg 768w, https:\/\/www.bauernhof-zanger.de\/wp-content\/uploads\/tempImageh8Axn9-1024x768.jpg 1024w\" sizes=\"(max-width: 300px) 100vw, 300px\" \/><\/a><\/p>\n<p style=\"text-align: center;\"><strong>Denn Sie \u00fcberwacht sehr streng die Gesundheit und das Wohlbefinden unserer Tiere von Geburt an&#8230;<\/strong><\/p>\n<p><a href=\"http:\/\/www.bauernhof-zanger.de\/wp-content\/uploads\/2faaba4a-f47b-463a-9171-bba35fdf447b.jpg\"><img loading=\"lazy\" decoding=\"async\" class=\"size-medium wp-image-610 aligncenter\" src=\"http:\/\/www.bauernhof-zanger.de\/wp-content\/uploads\/2faaba4a-f47b-463a-9171-bba35fdf447b-135x300.jpg\" alt=\"\" width=\"135\" height=\"300\" srcset=\"https:\/\/www.bauernhof-zanger.de\/wp-content\/uploads\/2faaba4a-f47b-463a-9171-bba35fdf447b-135x300.jpg 135w, https:\/\/www.bauernhof-zanger.de\/wp-content\/uploads\/2faaba4a-f47b-463a-9171-bba35fdf447b-768x1707.jpg 768w, https:\/\/www.bauernhof-zanger.de\/wp-content\/uploads\/2faaba4a-f47b-463a-9171-bba35fdf447b-461x1024.jpg 461w, https:\/\/www.bauernhof-zanger.de\/wp-content\/uploads\/2faaba4a-f47b-463a-9171-bba35fdf447b.jpg 900w\" sizes=\"(max-width: 135px) 100vw, 135px\" \/><\/a><\/p>\n<p style=\"text-align: center;\">\n<p style=\"text-align: center;\"><strong>&#8230;in unserer Metzgerei werden alle Fleisch- und Wusrtwaren unter strengen hygienischen Vorraussetzungen, t\u00e4glich frisch zubereitet&#8230;<\/strong><\/p>\n<p><a href=\"http:\/\/www.bauernhof-zanger.de\/wp-content\/uploads\/04495ad3-0738-4d2c-9e62-4d8f9c29ca33.jpg\"><img loading=\"lazy\" decoding=\"async\" class=\"size-medium wp-image-613 aligncenter\" src=\"http:\/\/www.bauernhof-zanger.de\/wp-content\/uploads\/04495ad3-0738-4d2c-9e62-4d8f9c29ca33-200x300.jpg\" alt=\"\" width=\"200\" height=\"300\" srcset=\"https:\/\/www.bauernhof-zanger.de\/wp-content\/uploads\/04495ad3-0738-4d2c-9e62-4d8f9c29ca33-200x300.jpg 200w, https:\/\/www.bauernhof-zanger.de\/wp-content\/uploads\/04495ad3-0738-4d2c-9e62-4d8f9c29ca33-768x1152.jpg 768w, https:\/\/www.bauernhof-zanger.de\/wp-content\/uploads\/04495ad3-0738-4d2c-9e62-4d8f9c29ca33-683x1024.jpg 683w, https:\/\/www.bauernhof-zanger.de\/wp-content\/uploads\/04495ad3-0738-4d2c-9e62-4d8f9c29ca33.jpg 1365w\" sizes=\"(max-width: 200px) 100vw, 200px\" \/><\/a><\/p>\n<p style=\"text-align: center;\"><strong>&#8230;angefangen beim feinen Br\u00e4t \u00fcber herzhaftes Mett bis hin zur delikaten Farce. Aus unserer Metzgerei kommt alles aus eigener Herstellung&#8230;<\/strong><\/p>\n<p style=\"text-align: center;\"><strong><a href=\"http:\/\/www.bauernhof-zanger.de\/wp-content\/uploads\/2009\/04\/bilder-von-betrieb-175.jpg\"><img loading=\"lazy\" decoding=\"async\" class=\"aligncenter size-medium wp-image-276\" title=\"bilder-von-betrieb-175\" src=\"http:\/\/www.bauernhof-zanger.de\/wp-content\/uploads\/2009\/04\/bilder-von-betrieb-175-300x238.jpg\" alt=\"bilder-von-betrieb-175\" width=\"300\" height=\"238\" srcset=\"https:\/\/www.bauernhof-zanger.de\/wp-content\/uploads\/2009\/04\/bilder-von-betrieb-175-300x238.jpg 300w, https:\/\/www.bauernhof-zanger.de\/wp-content\/uploads\/2009\/04\/bilder-von-betrieb-175-1024x815.jpg 1024w\" sizes=\"(max-width: 300px) 100vw, 300px\" \/> <\/a> <\/strong><\/p>\n<p style=\"text-align: center;\"><strong>&#8230; und diese Produktqualit\u00e4t kann sich nat\u00fcrlich sehen lassen&#8230;<\/strong><\/p>\n<p style=\"text-align: center;\"><a href=\"http:\/\/www.bauernhof-zanger.de\/wp-content\/uploads\/e9573128-635b-4cbe-8d7c-58c7703cbd64.jpg\"><img loading=\"lazy\" decoding=\"async\" class=\"alignnone size-medium wp-image-618\" src=\"http:\/\/www.bauernhof-zanger.de\/wp-content\/uploads\/e9573128-635b-4cbe-8d7c-58c7703cbd64-300x200.jpg\" alt=\"\" width=\"300\" height=\"200\" srcset=\"https:\/\/www.bauernhof-zanger.de\/wp-content\/uploads\/e9573128-635b-4cbe-8d7c-58c7703cbd64-300x200.jpg 300w, https:\/\/www.bauernhof-zanger.de\/wp-content\/uploads\/e9573128-635b-4cbe-8d7c-58c7703cbd64-768x512.jpg 768w, https:\/\/www.bauernhof-zanger.de\/wp-content\/uploads\/e9573128-635b-4cbe-8d7c-58c7703cbd64-1024x683.jpg 1024w, https:\/\/www.bauernhof-zanger.de\/wp-content\/uploads\/e9573128-635b-4cbe-8d7c-58c7703cbd64.jpg 2048w\" sizes=\"(max-width: 300px) 100vw, 300px\" \/><\/a><\/p>\n<p style=\"text-align: center;\"><strong>&#8230;.\u00fcberzeugen Sie sich doch selbst und besuchen Sie uns Mittwochs und Samstags in Limburg auf dem Neumarkt oder in Kelkheim auf dem Wochenmarkt.<\/strong><\/p>\n<p><a href=\"http:\/\/www.bauernhof-zanger.de\/wp-content\/uploads\/d5508a6a-ce79-4ae0-a7e1-7276364b5b11-1.jpg\"><img loading=\"lazy\" decoding=\"async\" class=\"size-medium wp-image-615 aligncenter\" src=\"http:\/\/www.bauernhof-zanger.de\/wp-content\/uploads\/d5508a6a-ce79-4ae0-a7e1-7276364b5b11-1-300x200.jpg\" alt=\"\" width=\"300\" height=\"200\" srcset=\"https:\/\/www.bauernhof-zanger.de\/wp-content\/uploads\/d5508a6a-ce79-4ae0-a7e1-7276364b5b11-1-300x200.jpg 300w, https:\/\/www.bauernhof-zanger.de\/wp-content\/uploads\/d5508a6a-ce79-4ae0-a7e1-7276364b5b11-1-768x512.jpg 768w, https:\/\/www.bauernhof-zanger.de\/wp-content\/uploads\/d5508a6a-ce79-4ae0-a7e1-7276364b5b11-1-1024x683.jpg 1024w, https:\/\/www.bauernhof-zanger.de\/wp-content\/uploads\/d5508a6a-ce79-4ae0-a7e1-7276364b5b11-1.jpg 2048w\" sizes=\"(max-width: 300px) 100vw, 300px\" \/><\/a><\/p>\n<p style=\"text-align: center;\"><strong>Ihre Familie Zanger<br \/>\n<\/strong><\/p>\n","protected":false},"excerpt":{"rendered":"<p>Unsere Metzgermeisterin Nadine legt sehr gro\u00dfen Wert auf Genuss, Geschmack und Qualit\u00e4t rund um unsere Fleisch- und Wurstwaren&#8230; &#8230;die t\u00e4gliche Kontrolle in unseren Stallungen bleibt ihr nicht vorenthalten. Ramonas Blicken entgeht nichts. Denn Sie \u00fcberwacht sehr streng die Gesundheit und das Wohlbefinden unserer Tiere von Geburt an&#8230; &#8230;in unserer Metzgerei werden alle Fleisch- und Wusrtwaren [&hellip;]<\/p>\n","protected":false},"author":2,"featured_media":0,"parent":0,"menu_order":0,"comment_status":"open","ping_status":"open","template":"","meta":{"footnotes":""},"jetpack_sharing_enabled":true,"_links":{"self":[{"href":"https:\/\/www.bauernhof-zanger.de\/index.php?rest_route=\/wp\/v2\/pages\/258"}],"collection":[{"href":"https:\/\/www.bauernhof-zanger.de\/index.php?rest_route=\/wp\/v2\/pages"}],"about":[{"href":"https:\/\/www.bauernhof-zanger.de\/index.php?rest_route=\/wp\/v2\/types\/page"}],"author":[{"embeddable":true,"href":"https:\/\/www.bauernhof-zanger.de\/index.php?rest_route=\/wp\/v2\/users\/2"}],"replies":[{"embeddable":true,"href":"https:\/\/www.bauernhof-zanger.de\/index.php?rest_route=%2Fwp%2Fv2%2Fcomments&post=258"}],"version-history":[{"count":19,"href":"https:\/\/www.bauernhof-zanger.de\/index.php?rest_route=\/wp\/v2\/pages\/258\/revisions"}],"predecessor-version":[{"id":627,"href":"https:\/\/www.bauernhof-zanger.de\/index.php?rest_route=\/wp\/v2\/pages\/258\/revisions\/627"}],"wp:attachment":[{"href":"https:\/\/www.bauernhof-zanger.de\/index.php?rest_route=%2Fwp%2Fv2%2Fmedia&parent=258"}],"curies":[{"name":"wp","href":"https:\/\/api.w.org\/{rel}","templated":true}]}}